{"id":5489,"date":"2025-01-24T17:14:52","date_gmt":"2025-01-24T17:14:52","guid":{"rendered":"https:\/\/happylife.ps\/rl\/?post_type=product&#038;p=5489"},"modified":"2025-02-01T00:00:01","modified_gmt":"2025-02-01T00:00:01","slug":"5489","status":"publish","type":"product","link":"https:\/\/happylife.ps\/rl\/product\/5489\/","title":{"rendered":"\u062d\u0642\u064a\u0628\u0629 \u0638\u0647\u0631 WATER COLOR"},"content":{"rendered":"","protected":false},"excerpt":{"rendered":"<pre id=\"tw-target-text\" class=\"tw-data-text tw-text-large tw-ta\" dir=\"rtl\" data-placeholder=\"\u0627\u0644\u062a\u0631\u062c\u0645\u0629\" data-ved=\"2ahUKEwjlpb7R646LAxXHVaQEHX7cBLcQ3ewLegQIBxAT\" aria-label=\"\u0627\u0644\u0646\u0635 \u0627\u0644\u0645\u062a\u0631\u062c\u0645: \u2764\u0627\u0644\u0645\u0648\u0627\u062f: \u0647\u0630\u0627 \u0627\u0644\u0643\u064a\u0633 \u0645\u0635\u0646\u0648\u0639 \u0645\u0646 \u0627\u0644\u0646\u0627\u064a\u0644\u0648\u0646 \u0639\u0627\u0644\u064a \u0627\u0644\u062c\u0648\u062f\u0629 \u0648\u0645\u0646 \u062c\u0644\u062f \u0627\u0644\u0628\u0648\u0644\u064a \u064a\u0648\u0631\u064a\u062b\u0627\u0646\u060c \u0648\u0647\u0648 \u0645\u0644\u0645\u0633 \u0648\u0645\u0642\u0627\u0648\u0645 \u0644\u0644\u0627\u0633\u062a\u062e\u062f\u0627\u0645\u060c \u0648\u0645\u0642\u0627\u0648\u0645 \u0644\u0644\u0644\u0645\u0633\u0627\u062a\u060c \u0648\u063a\u064a\u0631 \u0642\u0627\u0628\u0644 \u0644\u0644\u0646\u0641\u0627\u0630\u060c \u0648\u062e\u0641\u064a\u0641 \u0644\u0644\u063a\u0627\u064a\u0629.\r\n\u2764Conception antivol : le sac \u00e0 dos antivol a la Fermeture \u00e9clair maine \u00e0 l'arri\u00e8re comme ouverture\u060c ce qui a une tr\u00e8s bonne fonction antivol. 1 \u062c\u064a\u0628 \u062f\u0627\u062e\u0644\u064a \u0628\u0633\u062d\u0627\u0628\u060c 2 \u062c\u064a\u0628 \u062e\u0627\u0631\u062c\u064a. \u064a\u0645\u0643\u0646 \u0627\u0633\u062a\u062e\u062f\u0627\u0645 \u0627\u0644\u062d\u0642\u064a\u0628\u0629 \u0627\u0644\u0631\u0626\u064a\u0633\u064a\u0629 \u0644\u0644\u0646\u0633\u0627\u0621 \u0645\u0646 \u0627\u0644\u062d\u0642\u0627\u0626\u0628 \u0627\u0644\u0645\u0646\u0642\u0648\u0644\u0629 \u0648\u0627\u0644\u0642\u0627\u0628\u0644\u0629 \u0644\u0644\u0636\u0628\u0637 \u0644\u0641\u062a\u0631\u0629 \u0637\u0648\u064a\u0644\u0629 \u0648\u064a\u0645\u0643\u0646 \u0627\u0633\u062a\u062e\u062f\u0627\u0645\u0647\u0627 \u0643\u062d\u0642\u064a\u0628\u0629 \u0645\u0641\u0631\u063a\u0629 \u0623\u0648 \u0643\u062d\u0642\u064a\u0628\u0629 \u0623\u0646\u064a\u0642\u0629.\r\n\u2764\u0627\u0644\u0646\u0645\u0637 \u0645\u062a\u0639\u062f\u062f \u0627\u0644\u062a\u0643\u0627\u0641\u0624: \u0644\u064a\u0633 \u0643\u064a\u0633\u064b\u0627 \u0641\u064a \u062f\u0648\u0633 \u0628\u0648\u0631\u062a\u064a\u0641\u064a\u0644 \u063a\u064a\u0631 \u0641\u0639\u0627\u0644 \u0628\u0645\u0641\u0631\u062f\u0647\u060c \u0628\u0644 \u0647\u0648 \u0623\u064a\u0636\u064b\u0627 \u0639\u0644\u0649 \u0627\u0644\u0648\u0636\u0639! \u0645\u0639 \u062d\u062c\u0648\u0632\u0627\u062a \u0627\u0644\u0633\u0641\u0631 \u0648\u0627\u0644\u062a\u0646\u0642\u0644\u0627\u062a\u060c \u064a\u0645\u0643\u0646\u0643 \u0628\u0633\u0647\u0648\u0644\u0629 \u062d\u0645\u0644 \u062d\u0642\u064a\u0628\u0629 \u0623\u0646\u064a\u0642\u0629 \u0648\u062d\u0642\u064a\u0628\u0629 \u0645\u0631\u064a\u062d\u0629 \u0644\u062c\u0645\u064a\u0639 \u0627\u0644\u0645\u0646\u0627\u0633\u0628\u0627\u062a.\r\n\u2764\u0645\u0633\u0627\u062d\u0629 \u0643\u0628\u064a\u0631\u0629 \u0644\u0644\u0646\u0637\u0627\u0642: \u064a\u062a\u0645 \u062a\u0646\u0638\u064a\u0645\u0647\u0627 \u0628\u062a\u0648\u0627\u0632\u0646 \u0628\u0627\u0631\u0641\u064a\u0647 \u0628\u064a\u0646 \u0627\u0644\u062d\u062c\u0645 \u0648\u0627\u0644\u0633\u0639\u0629. \u0647\u0630\u0627 \u0627\u0644\u0643\u064a\u0633 \u0645\u0646 \u062f\u0648\u0633 \u00e9tanche \u0648\u0627\u0633\u0639 \u062c\u062f\u064b\u0627 \u0644\u064a\u062d\u062a\u0648\u064a \u0639\u0644\u0649 \u0634\u0624\u0648\u0646\u0643 \u0627\u0644\u064a\u0648\u0645\u064a\u0629 \u0645\u062b\u0644 \u0627\u0644\u0647\u0627\u062a\u0641\u060c \u0648\u0627\u0644\u062d\u0642\u064a\u0628\u0629\u060c \u0648\u0627\u0644\u0645\u0643\u064a\u0627\u062c\u060c \u0648\u0627\u0644\u0644\u064a\u0641\u0631\u060c \u0648\u0627\u0644\u0645\u0638\u0644\u0627\u062a\u060c \u0648\u0632\u062c\u0627\u062c\u0627\u062a \u0627\u0644\u0645\u064a\u0627\u0647\u060c \u0648\u0627\u0644\u062a\u0631\u0643\u064a\u0628\u0627\u062a \u0648\u0627\u0644\u0645\u0632\u064a\u062f.\r\n\u2764\u0645\u062a\u0639\u062f\u062f \u0627\u0644\u0627\u0633\u062a\u062e\u062f\u0627\u0645: que ce soit sur le chemin de l'\u00e9cole\u060c au travail\u060c for une activit\u00e9 sportive\u060c une excursion de loisirs ou une vir\u00e9e Shopping\u060c notre sac \u00e0 dos d'\u00e9colier est votre compagnon id\u00e9al. \u0642\u0645 \u0628\u062a\u063a\u064a\u064a\u0631 \u0627\u0644\u0646\u0645\u0637 \u062f\u0648\u0646 \u0628\u0630\u0644 \u062c\u0647\u062f \u0644\u0644\u062a\u0643\u064a\u0641 \u0645\u0639 \u0627\u062d\u062a\u064a\u0627\u062c\u0627\u062a\u0643 \u0648\u062a\u0641\u0636\u064a\u0644\u0627\u062a\u0643 \u0627\u0644\u0645\u062a\u063a\u064a\u0631\u0629.\"><span class=\"Y2IQFc\" lang=\"ar\">\u0645\u0635\u0646\u0648\u0639 \u0645\u0646 \u0627\u0644\u0646\u0627\u064a\u0644\u0648\u0646 \u0639\u0627\u0644\u064a \u0627\u0644\u062c\u0648\u062f\u0629 \u0648\u0645\u0646 \u062c\u0644\u062f \u0627\u0644\u0628\u0648\u0644\u064a \u064a\u0648\u0631\u064a\u062b\u0627\u0646\u060c \u0648\u0647\u0648 \u0645\u0644\u0645\u0633 \u0648\u0645\u0642\u0627\u0648\u0645 \u0644\u0644\u0627\u0633\u062a\u062e\u062f\u0627\u0645\u060c \r\n\u0648\u0645\u0642\u0627\u0648\u0645 \u0644\u0644\u0644\u0645\u0633\u0627\u062a\u060c \u0648\u063a\u064a\u0631 \u0642\u0627\u0628\u0644 \u0644\u0644\u0646\u0641\u0627\u0630\u060c \u0648\u062e\u0641\u064a\u0641 \u0644\u0644\u063a\u0627\u064a\u0629.<\/span><\/pre>\n","protected":false},"featured_media":5490,"comment_status":"open","ping_status":"closed","template":"","meta":[],"product_brand":[],"product_cat":[201],"product_tag":[],"class_list":{"0":"post-5489","1":"product","2":"type-product","3":"status-publish","4":"has-post-thumbnail","6":"product_cat-201","8":"first","9":"instock","10":"taxable","11":"shipping-taxable","12":"purchasable","13":"product-type-variable"},"yoast_head":"<!-- This site is optimized with the Yoast SEO plugin v25.6 - https:\/\/yoast.com\/wordpress\/plugins\/seo\/ -->\n<title>\u062d\u0642\u064a\u0628\u0629 \u0638\u0647\u0631 WATER COLOR ~ \u0634\u0631\u0643\u0629 HAPPY LIFE<\/title>\n<meta name=\"robots\" content=\"index, follow, max-snippet:-1, max-image-preview:large, max-video-preview:-1\" \/>\n<link rel=\"canonical\" href=\"https:\/\/happylife.ps\/rl\/product\/5489\/\" \/>\n<meta property=\"og:locale\" content=\"ar_AR\" \/>\n<meta property=\"og:type\" content=\"article\" \/>\n<meta property=\"og:title\" content=\"\u062d\u0642\u064a\u0628\u0629 \u0638\u0647\u0631 WATER COLOR ~ \u0634\u0631\u0643\u0629 HAPPY LIFE\" \/>\n<meta property=\"og:description\" content=\"\u0645\u0635\u0646\u0648\u0639 \u0645\u0646 \u0627\u0644\u0646\u0627\u064a\u0644\u0648\u0646 \u0639\u0627\u0644\u064a \u0627\u0644\u062c\u0648\u062f\u0629 \u0648\u0645\u0646 \u062c\u0644\u062f \u0627\u0644\u0628\u0648\u0644\u064a \u064a\u0648\u0631\u064a\u062b\u0627\u0646\u060c \u0648\u0647\u0648 \u0645\u0644\u0645\u0633 \u0648\u0645\u0642\u0627\u0648\u0645 \u0644\u0644\u0627\u0633\u062a\u062e\u062f\u0627\u0645\u060c  \u0648\u0645\u0642\u0627\u0648\u0645 \u0644\u0644\u0644\u0645\u0633\u0627\u062a\u060c \u0648\u063a\u064a\u0631 \u0642\u0627\u0628\u0644 \u0644\u0644\u0646\u0641\u0627\u0630\u060c \u0648\u062e\u0641\u064a\u0641 \u0644\u0644\u063a\u0627\u064a\u0629.\" \/>\n<meta property=\"og:url\" content=\"https:\/\/happylife.ps\/rl\/product\/5489\/\" \/>\n<meta property=\"og:site_name\" content=\"\u0634\u0631\u0643\u0629 HAPPY LIFE\" \/>\n<meta property=\"article:modified_time\" content=\"2025-02-01T00:00:01+00:00\" \/>\n<meta name=\"twitter:card\" content=\"summary_large_image\" \/>\n<meta name=\"twitter:label1\" content=\"\u0648\u0642\u062a \u0627\u0644\u0642\u0631\u0627\u0621\u0629 \u0627\u0644\u0645\u064f\u0642\u062f\u0651\u0631\" \/>\n\t<meta name=\"twitter:data1\" content=\"\u062f\u0642\u064a\u0642\u0629 \u0648\u0627\u062d\u062f\u0629\" \/>\n<script type=\"application\/ld+json\" class=\"yoast-schema-graph\">{\"@context\":\"https:\/\/schema.org\",\"@graph\":[{\"@type\":\"WebPage\",\"@id\":\"https:\/\/happylife.ps\/rl\/product\/5489\/\",\"url\":\"https:\/\/happylife.ps\/rl\/product\/5489\/\",\"name\":\"\u062d\u0642\u064a\u0628\u0629 \u0638\u0647\u0631 WATER COLOR ~ \u0634\u0631\u0643\u0629 HAPPY LIFE\",\"isPartOf\":{\"@id\":\"https:\/\/happylife.ps\/rl\/#website\"},\"primaryImageOfPage\":{\"@id\":\"https:\/\/happylife.ps\/rl\/product\/5489\/#primaryimage\"},\"image\":{\"@id\":\"https:\/\/happylife.ps\/rl\/product\/5489\/#primaryimage\"},\"thumbnailUrl\":\"https:\/\/happylife.ps\/rl\/wp-content\/uploads\/2025\/01\/Female-Korean-Student-Backpack-Tide-Brand-Graffiti-Wild-Simple-Backpacks-Fashionable-Multifunctional-Travel-Mochila-Feminina.avif\",\"datePublished\":\"2025-01-24T17:14:52+00:00\",\"dateModified\":\"2025-02-01T00:00:01+00:00\",\"breadcrumb\":{\"@id\":\"https:\/\/happylife.ps\/rl\/product\/5489\/#breadcrumb\"},\"inLanguage\":\"ar\",\"potentialAction\":[{\"@type\":\"ReadAction\",\"target\":[\"https:\/\/happylife.ps\/rl\/product\/5489\/\"]}]},{\"@type\":\"ImageObject\",\"inLanguage\":\"ar\",\"@id\":\"https:\/\/happylife.ps\/rl\/product\/5489\/#primaryimage\",\"url\":\"https:\/\/happylife.ps\/rl\/wp-content\/uploads\/2025\/01\/Female-Korean-Student-Backpack-Tide-Brand-Graffiti-Wild-Simple-Backpacks-Fashionable-Multifunctional-Travel-Mochila-Feminina.avif\",\"contentUrl\":\"https:\/\/happylife.ps\/rl\/wp-content\/uploads\/2025\/01\/Female-Korean-Student-Backpack-Tide-Brand-Graffiti-Wild-Simple-Backpacks-Fashionable-Multifunctional-Travel-Mochila-Feminina.avif\",\"width\":800,\"height\":800},{\"@type\":\"BreadcrumbList\",\"@id\":\"https:\/\/happylife.ps\/rl\/product\/5489\/#breadcrumb\",\"itemListElement\":[{\"@type\":\"ListItem\",\"position\":1,\"name\":\"\u0627\u0644\u0631\u0626\u064a\u0633\u064a\u0629\",\"item\":\"https:\/\/happylife.ps\/rl\/\"},{\"@type\":\"ListItem\",\"position\":2,\"name\":\"Shop\",\"item\":\"https:\/\/happylife.ps\/rl\/shop\/\"},{\"@type\":\"ListItem\",\"position\":3,\"name\":\"\u062d\u0642\u064a\u0628\u0629 \u0638\u0647\u0631 WATER COLOR\"}]},{\"@type\":\"WebSite\",\"@id\":\"https:\/\/happylife.ps\/rl\/#website\",\"url\":\"https:\/\/happylife.ps\/rl\/\",\"name\":\"\u0634\u0631\u0643\u0629 HAPPY LIFE\",\"description\":\"\u062a\u0633\u0648\u0642 \u0628\u0627\u0641\u0636\u0644 \u0627\u0644\u0627\u0633\u0639\u0627\u0631 , \u0645\u062a\u062c\u0631 \u0647\u0627\u0628\u064a \u0644\u0627\u064a\u0641\",\"alternateName\":\"\u0647\u0627\u0628\u064a \u0644\u0627\u064a\u0641 , \u0645\u062a\u062c\u0631 \u0647\u0627\u0628\u064a \u0644\u0627\u064a\u0641\",\"potentialAction\":[{\"@type\":\"SearchAction\",\"target\":{\"@type\":\"EntryPoint\",\"urlTemplate\":\"https:\/\/happylife.ps\/rl\/?s={search_term_string}\"},\"query-input\":{\"@type\":\"PropertyValueSpecification\",\"valueRequired\":true,\"valueName\":\"search_term_string\"}}],\"inLanguage\":\"ar\"}]}<\/script>\n<!-- \/ Yoast SEO plugin. -->","yoast_head_json":{"title":"\u062d\u0642\u064a\u0628\u0629 \u0638\u0647\u0631 WATER COLOR ~ \u0634\u0631\u0643\u0629 HAPPY LIFE","robots":{"index":"index","follow":"follow","max-snippet":"max-snippet:-1","max-image-preview":"max-image-preview:large","max-video-preview":"max-video-preview:-1"},"canonical":"https:\/\/happylife.ps\/rl\/product\/5489\/","og_locale":"ar_AR","og_type":"article","og_title":"\u062d\u0642\u064a\u0628\u0629 \u0638\u0647\u0631 WATER COLOR ~ \u0634\u0631\u0643\u0629 HAPPY LIFE","og_description":"\u0645\u0635\u0646\u0648\u0639 \u0645\u0646 \u0627\u0644\u0646\u0627\u064a\u0644\u0648\u0646 \u0639\u0627\u0644\u064a \u0627\u0644\u062c\u0648\u062f\u0629 \u0648\u0645\u0646 \u062c\u0644\u062f \u0627\u0644\u0628\u0648\u0644\u064a \u064a\u0648\u0631\u064a\u062b\u0627\u0646\u060c \u0648\u0647\u0648 \u0645\u0644\u0645\u0633 \u0648\u0645\u0642\u0627\u0648\u0645 \u0644\u0644\u0627\u0633\u062a\u062e\u062f\u0627\u0645\u060c  \u0648\u0645\u0642\u0627\u0648\u0645 \u0644\u0644\u0644\u0645\u0633\u0627\u062a\u060c \u0648\u063a\u064a\u0631 \u0642\u0627\u0628\u0644 \u0644\u0644\u0646\u0641\u0627\u0630\u060c \u0648\u062e\u0641\u064a\u0641 \u0644\u0644\u063a\u0627\u064a\u0629.","og_url":"https:\/\/happylife.ps\/rl\/product\/5489\/","og_site_name":"\u0634\u0631\u0643\u0629 HAPPY LIFE","article_modified_time":"2025-02-01T00:00:01+00:00","twitter_card":"summary_large_image","twitter_misc":{"\u0648\u0642\u062a \u0627\u0644\u0642\u0631\u0627\u0621\u0629 \u0627\u0644\u0645\u064f\u0642\u062f\u0651\u0631":"\u062f\u0642\u064a\u0642\u0629 \u0648\u0627\u062d\u062f\u0629"},"schema":{"@context":"https:\/\/schema.org","@graph":[{"@type":"WebPage","@id":"https:\/\/happylife.ps\/rl\/product\/5489\/","url":"https:\/\/happylife.ps\/rl\/product\/5489\/","name":"\u062d\u0642\u064a\u0628\u0629 \u0638\u0647\u0631 WATER COLOR ~ \u0634\u0631\u0643\u0629 HAPPY LIFE","isPartOf":{"@id":"https:\/\/happylife.ps\/rl\/#website"},"primaryImageOfPage":{"@id":"https:\/\/happylife.ps\/rl\/product\/5489\/#primaryimage"},"image":{"@id":"https:\/\/happylife.ps\/rl\/product\/5489\/#primaryimage"},"thumbnailUrl":"https:\/\/happylife.ps\/rl\/wp-content\/uploads\/2025\/01\/Female-Korean-Student-Backpack-Tide-Brand-Graffiti-Wild-Simple-Backpacks-Fashionable-Multifunctional-Travel-Mochila-Feminina.avif","datePublished":"2025-01-24T17:14:52+00:00","dateModified":"2025-02-01T00:00:01+00:00","breadcrumb":{"@id":"https:\/\/happylife.ps\/rl\/product\/5489\/#breadcrumb"},"inLanguage":"ar","potentialAction":[{"@type":"ReadAction","target":["https:\/\/happylife.ps\/rl\/product\/5489\/"]}]},{"@type":"ImageObject","inLanguage":"ar","@id":"https:\/\/happylife.ps\/rl\/product\/5489\/#primaryimage","url":"https:\/\/happylife.ps\/rl\/wp-content\/uploads\/2025\/01\/Female-Korean-Student-Backpack-Tide-Brand-Graffiti-Wild-Simple-Backpacks-Fashionable-Multifunctional-Travel-Mochila-Feminina.avif","contentUrl":"https:\/\/happylife.ps\/rl\/wp-content\/uploads\/2025\/01\/Female-Korean-Student-Backpack-Tide-Brand-Graffiti-Wild-Simple-Backpacks-Fashionable-Multifunctional-Travel-Mochila-Feminina.avif","width":800,"height":800},{"@type":"BreadcrumbList","@id":"https:\/\/happylife.ps\/rl\/product\/5489\/#breadcrumb","itemListElement":[{"@type":"ListItem","position":1,"name":"\u0627\u0644\u0631\u0626\u064a\u0633\u064a\u0629","item":"https:\/\/happylife.ps\/rl\/"},{"@type":"ListItem","position":2,"name":"Shop","item":"https:\/\/happylife.ps\/rl\/shop\/"},{"@type":"ListItem","position":3,"name":"\u062d\u0642\u064a\u0628\u0629 \u0638\u0647\u0631 WATER COLOR"}]},{"@type":"WebSite","@id":"https:\/\/happylife.ps\/rl\/#website","url":"https:\/\/happylife.ps\/rl\/","name":"\u0634\u0631\u0643\u0629 HAPPY LIFE","description":"\u062a\u0633\u0648\u0642 \u0628\u0627\u0641\u0636\u0644 \u0627\u0644\u0627\u0633\u0639\u0627\u0631 , \u0645\u062a\u062c\u0631 \u0647\u0627\u0628\u064a \u0644\u0627\u064a\u0641","alternateName":"\u0647\u0627\u0628\u064a \u0644\u0627\u064a\u0641 , \u0645\u062a\u062c\u0631 \u0647\u0627\u0628\u064a \u0644\u0627\u064a\u0641","potentialAction":[{"@type":"SearchAction","target":{"@type":"EntryPoint","urlTemplate":"https:\/\/happylife.ps\/rl\/?s={search_term_string}"},"query-input":{"@type":"PropertyValueSpecification","valueRequired":true,"valueName":"search_term_string"}}],"inLanguage":"ar"}]}},"_links":{"self":[{"href":"https:\/\/happylife.ps\/rl\/wp-json\/wp\/v2\/product\/5489","targetHints":{"allow":["GET"]}}],"collection":[{"href":"https:\/\/happylife.ps\/rl\/wp-json\/wp\/v2\/product"}],"about":[{"href":"https:\/\/happylife.ps\/rl\/wp-json\/wp\/v2\/types\/product"}],"replies":[{"embeddable":true,"href":"https:\/\/happylife.ps\/rl\/wp-json\/wp\/v2\/comments?post=5489"}],"version-history":[{"count":0,"href":"https:\/\/happylife.ps\/rl\/wp-json\/wp\/v2\/product\/5489\/revisions"}],"wp:featuredmedia":[{"embeddable":true,"href":"https:\/\/happylife.ps\/rl\/wp-json\/wp\/v2\/media\/5490"}],"wp:attachment":[{"href":"https:\/\/happylife.ps\/rl\/wp-json\/wp\/v2\/media?parent=5489"}],"wp:term":[{"taxonomy":"product_brand","embeddable":true,"href":"https:\/\/happylife.ps\/rl\/wp-json\/wp\/v2\/product_brand?post=5489"},{"taxonomy":"product_cat","embeddable":true,"href":"https:\/\/happylife.ps\/rl\/wp-json\/wp\/v2\/product_cat?post=5489"},{"taxonomy":"product_tag","embeddable":true,"href":"https:\/\/happylife.ps\/rl\/wp-json\/wp\/v2\/product_tag?post=5489"}],"curies":[{"name":"wp","href":"https:\/\/api.w.org\/{rel}","templated":true}]}}